{"id":11,"date":"2020-09-30T10:50:25","date_gmt":"2020-09-30T10:50:25","guid":{"rendered":"https:\/\/qi5.qodeinteractive.com\/?page_id=11"},"modified":"2023-09-08T09:31:35","modified_gmt":"2023-09-08T09:31:35","slug":"contact","status":"publish","type":"page","link":"https:\/\/pedibus-ne.ch\/?page_id=11","title":{"rendered":"Contact"},"content":{"rendered":"\t\t<div data-elementor-type=\"wp-page\" data-elementor-id=\"11\" class=\"elementor elementor-11\">\n\t\t\t\t\t\t<section class=\"elementor-section elementor-top-section elementor-element elementor-element-d90f1f8 elementor-section-full_width elementor-section-height-default elementor-section-height-default qodef-elementor-content-no\" data-id=\"d90f1f8\" data-element_type=\"section\" data-e-type=\"section\">\n\t\t\t\t\t\t<div class=\"elementor-container elementor-column-gap-default\">\n\t\t\t\t\t<div class=\"elementor-column elementor-col-100 elementor-top-column elementor-element elementor-element-6f89108\" data-id=\"6f89108\" data-element_type=\"column\" data-e-type=\"column\">\n\t\t\t<div class=\"elementor-widget-wrap\">\n\t\t\t\t\t\t\t<\/div>\n\t\t<\/div>\n\t\t\t\t\t<\/div>\n\t\t<\/section>\n\t\t\t\t<section class=\"elementor-section elementor-top-section elementor-element elementor-element-f07e638 elementor-section-boxed elementor-section-height-default elementor-section-height-default qodef-elementor-content-no\" data-id=\"f07e638\" data-element_type=\"section\" data-e-type=\"section\">\n\t\t\t\t\t\t<div class=\"elementor-container elementor-column-gap-default\">\n\t\t\t\t\t<div class=\"elementor-column elementor-col-100 elementor-top-column elementor-element elementor-element-e20ca26\" data-id=\"e20ca26\" data-element_type=\"column\" data-e-type=\"column\">\n\t\t\t<div class=\"elementor-widget-wrap elementor-element-populated\">\n\t\t\t\t\t\t<div class=\"elementor-element elementor-element-b21a6e3 elementor-invisible elementor-widget elementor-widget-text-editor\" data-id=\"b21a6e3\" data-element_type=\"widget\" data-e-type=\"widget\" data-settings=\"{&quot;_animation&quot;:&quot;fadeIn&quot;}\" data-widget_type=\"text-editor.default\">\n\t\t\t\t<div class=\"elementor-widget-container\">\n\t\t\t\t\t\t\t\t\t<h1><strong>Prenez contact<\/strong><\/h1>\t\t\t\t\t\t\t\t<\/div>\n\t\t\t\t<\/div>\n\t\t\t\t<div class=\"elementor-element elementor-element-ced6862 elementor-hidden-desktop elementor-hidden-tablet elementor-invisible elementor-widget elementor-widget-qi_addons_for_elementor_section_title\" data-id=\"ced6862\" data-element_type=\"widget\" data-e-type=\"widget\" data-settings=\"{&quot;_animation&quot;:&quot;fadeIn&quot;}\" data-widget_type=\"qi_addons_for_elementor_section_title.default\">\n\t\t\t\t<div class=\"elementor-widget-container\">\n\t\t\t\t\t<div class=\"qodef-shortcode qodef-m qodef-qi-section-title qodef-decoration--italic qodef-link--underline-draw qodef-subtitle-icon--left\">\n\t\t\t\t\t\t\t\t<div class=\"qodef-m-text\"><p>Besoin d\u2019informations sur le fonctionnement des p\u00e9dibus ?<\/p><div class=\"\">Vous voulez cr\u00e9er un p\u00e9dibus !<\/div><div class=\"\">\u00a0<\/div><div class=\"\">Rien de plus simple :<\/div><div class=\"\">\u00a0<\/div><div class=\"\">Envoyer un courriel \u00e0 <strong><a class=\"\" style=\"color: #fc0073\" href=\"mailto:pedibus@rpn.ch\">pedibus@rpn.ch<\/a><\/strong><\/div><div class=\"\">et nous vous r\u00e9pondrons rapidement !<\/div><\/div>\n\t<\/div>\n\t\t\t\t<\/div>\n\t\t\t\t<\/div>\n\t\t\t\t<div class=\"elementor-element elementor-element-8d37320 elementor-hidden-mobile elementor-invisible elementor-widget elementor-widget-qi_addons_for_elementor_section_title\" data-id=\"8d37320\" data-element_type=\"widget\" data-e-type=\"widget\" data-settings=\"{&quot;_animation&quot;:&quot;fadeIn&quot;}\" data-widget_type=\"qi_addons_for_elementor_section_title.default\">\n\t\t\t\t<div class=\"elementor-widget-container\">\n\t\t\t\t\t<div class=\"qodef-shortcode qodef-m qodef-qi-section-title qodef-decoration--italic qodef-link--underline-draw qodef-subtitle-icon--left\">\n\t\t\t\t\t\t\t\t<div class=\"qodef-m-text\"><div class=\"\">Besoin d\u2019informations sur le fonctionnement des p\u00e9dibus ?<\/div><div class=\"\">Vous voulez cr\u00e9er un p\u00e9dibus !<\/div><div class=\"\">\u00a0<\/div><div class=\"\">Rien de plus simple :<\/div><div class=\"\">\u00a0<\/div><div class=\"\">Envoyer un courriel \u00e0 <strong><a class=\"\" style=\"color: #fc0073\" href=\"mailto:pedibus@rpn.ch\">pedibus@rpn.ch<\/a><\/strong><\/div><div class=\"\">et nous vous r\u00e9pondrons rapidement !<\/div><\/div>\n\t<\/div>\n\t\t\t\t<\/div>\n\t\t\t\t<\/div>\n\t\t\t\t\t<\/div>\n\t\t<\/div>\n\t\t\t\t\t<\/div>\n\t\t<\/section>\n\t\t\t\t<\/div>\n\t\t","protected":false},"excerpt":{"rendered":"<p>Prenez contact Besoin d\u2019informations sur le fonctionnement des p\u00e9dibus ? Vous voulez cr\u00e9er un p\u00e9dibus !\u00a0Rien de plus simple :\u00a0Envoyer un courriel \u00e0 pedibus@rpn.chet nous vous r\u00e9pondrons rapidement ! Besoin d\u2019informations sur le fonctionnement des p\u00e9dibus ?Vous voulez cr\u00e9er un p\u00e9dibus !\u00a0Rien de plus simple :\u00a0Envoyer un courriel \u00e0 pedibus@rpn.chet nous vous r\u00e9pondrons rapidement !<\/p>\n","protected":false},"author":1,"featured_media":0,"parent":0,"menu_order":0,"comment_status":"closed","ping_status":"closed","template":"qi-full-width.php","meta":{"footnotes":""},"class_list":["post-11","page","type-page","status-publish","hentry"],"_links":{"self":[{"href":"https:\/\/pedibus-ne.ch\/index.php?rest_route=\/wp\/v2\/pages\/11","targetHints":{"allow":["GET"]}}],"collection":[{"href":"https:\/\/pedibus-ne.ch\/index.php?rest_route=\/wp\/v2\/pages"}],"about":[{"href":"https:\/\/pedibus-ne.ch\/index.php?rest_route=\/wp\/v2\/types\/page"}],"author":[{"embeddable":true,"href":"https:\/\/pedibus-ne.ch\/index.php?rest_route=\/wp\/v2\/users\/1"}],"replies":[{"embeddable":true,"href":"https:\/\/pedibus-ne.ch\/index.php?rest_route=%2Fwp%2Fv2%2Fcomments&post=11"}],"version-history":[{"count":9,"href":"https:\/\/pedibus-ne.ch\/index.php?rest_route=\/wp\/v2\/pages\/11\/revisions"}],"predecessor-version":[{"id":1872,"href":"https:\/\/pedibus-ne.ch\/index.php?rest_route=\/wp\/v2\/pages\/11\/revisions\/1872"}],"wp:attachment":[{"href":"https:\/\/pedibus-ne.ch\/index.php?rest_route=%2Fwp%2Fv2%2Fmedia&parent=11"}],"curies":[{"name":"wp","href":"https:\/\/api.w.org\/{rel}","templated":true}]}}