{"id":1661,"date":"2023-08-28T15:01:35","date_gmt":"2023-08-28T15:01:35","guid":{"rendered":"https:\/\/pedibus-ne.ch\/?page_id=1661"},"modified":"2026-02-05T08:37:28","modified_gmt":"2026-02-05T08:37:28","slug":"liste-neuchatel","status":"publish","type":"page","link":"https:\/\/pedibus-ne.ch\/?page_id=1661","title":{"rendered":"Liste Neuch\u00e2tel"},"content":{"rendered":"\t\t<div data-elementor-type=\"wp-page\" data-elementor-id=\"1661\" class=\"elementor elementor-1661\">\n\t\t\t\t\t\t<section class=\"elementor-section elementor-top-section elementor-element elementor-element-f1b67a7 elementor-section-full_width elementor-section-height-default elementor-section-height-default qodef-elementor-content-no\" data-id=\"f1b67a7\" data-element_type=\"section\" data-e-type=\"section\">\n\t\t\t\t\t\t<div class=\"elementor-container elementor-column-gap-default\">\n\t\t\t\t\t<div class=\"elementor-column elementor-col-100 elementor-top-column elementor-element elementor-element-140e203\" data-id=\"140e203\" data-element_type=\"column\" data-e-type=\"column\">\n\t\t\t<div class=\"elementor-widget-wrap\">\n\t\t\t\t\t\t\t<\/div>\n\t\t<\/div>\n\t\t\t\t\t<\/div>\n\t\t<\/section>\n\t\t\t\t<section class=\"elementor-section elementor-top-section elementor-element elementor-element-7b2a365 elementor-section-full_width elementor-section-height-default elementor-section-height-default qodef-elementor-content-no\" data-id=\"7b2a365\" data-element_type=\"section\" data-e-type=\"section\">\n\t\t\t\t\t\t<div class=\"elementor-container elementor-column-gap-default\">\n\t\t\t\t\t<div class=\"elementor-column elementor-col-100 elementor-top-column elementor-element elementor-element-9a462d5\" data-id=\"9a462d5\" data-element_type=\"column\" data-e-type=\"column\">\n\t\t\t<div class=\"elementor-widget-wrap elementor-element-populated\">\n\t\t\t\t\t\t<div class=\"elementor-element elementor-element-71c63e9 animated-fast elementor-invisible elementor-widget elementor-widget-qi_addons_for_elementor_section_title\" data-id=\"71c63e9\" data-element_type=\"widget\" data-e-type=\"widget\" data-settings=\"{&quot;_animation&quot;:&quot;fadeIn&quot;}\" data-widget_type=\"qi_addons_for_elementor_section_title.default\">\n\t\t\t\t<div class=\"elementor-widget-container\">\n\t\t\t\t\t<div class=\"qodef-shortcode qodef-m qodef-qi-section-title qodef-decoration--italic qodef-link--underline-draw qodef-subtitle-icon--left\">\n\t\t\t\t\t\t\t\t<div class=\"qodef-m-text\"><h1><strong>Liste des <\/strong><strong><span style=\"color: #fc0073\">p\u00e9dibus<\/span><\/strong>\n<strong>du canton de Neuch\u00e2tel<\/strong><\/h1><\/div>\n\t<\/div>\n\t\t\t\t<\/div>\n\t\t\t\t<\/div>\n\t\t\t\t<div class=\"elementor-element elementor-element-41182ee animated-fast elementor-invisible elementor-widget elementor-widget-qi_addons_for_elementor_section_title\" data-id=\"41182ee\" data-element_type=\"widget\" data-e-type=\"widget\" data-settings=\"{&quot;_animation&quot;:&quot;slideInUp&quot;}\" data-widget_type=\"qi_addons_for_elementor_section_title.default\">\n\t\t\t\t<div class=\"elementor-widget-container\">\n\t\t\t\t\t<div class=\"qodef-shortcode qodef-m qodef-qi-section-title qodef-decoration--italic qodef-link--underline-draw qodef-subtitle-icon--left\">\n\t\t\t\t\t\t\t\t<div class=\"qodef-m-text\"><p>Les coordonn\u00e9es des responsables des p\u00e9dibus ne sont pas publi\u00e9es, pour des raisons de respect de la sph\u00e8re priv\u00e9e. Vous pouvez les obtenir en adressant un mot \u00e0 apied-ne@bluewin.ch <br \/>Pr\u00e9cisez quel p\u00e9dibus vous souhaitez contacter.<\/p><\/div>\n\t<\/div>\n\t\t\t\t<\/div>\n\t\t\t\t<\/div>\n\t\t\t\t<div class=\"elementor-element elementor-element-cad2102 elementor-view-default elementor-widget elementor-widget-icon\" data-id=\"cad2102\" data-element_type=\"widget\" data-e-type=\"widget\" data-widget_type=\"icon.default\">\n\t\t\t\t<div class=\"elementor-widget-container\">\n\t\t\t\t\t\t\t<div class=\"elementor-icon-wrapper\">\n\t\t\t<a class=\"elementor-icon\" href=\"#liste\">\n\t\t\t<i aria-hidden=\"true\" class=\"fas fa-arrow-down\"><\/i>\t\t\t<\/a>\n\t\t<\/div>\n\t\t\t\t\t\t<\/div>\n\t\t\t\t<\/div>\n\t\t\t\t\t<\/div>\n\t\t<\/div>\n\t\t\t\t\t<\/div>\n\t\t<\/section>\n\t\t\t\t<section class=\"elementor-section elementor-top-section elementor-element elementor-element-ff334d5 elementor-section-boxed elementor-section-height-default elementor-section-height-default qodef-elementor-content-no\" data-id=\"ff334d5\" data-element_type=\"section\" data-e-type=\"section\">\n\t\t\t\t\t\t<div class=\"elementor-container elementor-column-gap-default\">\n\t\t\t\t\t<div class=\"elementor-column elementor-col-100 elementor-top-column elementor-element elementor-element-00bbd17\" data-id=\"00bbd17\" data-element_type=\"column\" data-e-type=\"column\">\n\t\t\t<div class=\"elementor-widget-wrap elementor-element-populated\">\n\t\t\t\t\t\t<div class=\"elementor-element elementor-element-67ab6be elementor-widget elementor-widget-menu-anchor\" data-id=\"67ab6be\" data-element_type=\"widget\" data-e-type=\"widget\" data-widget_type=\"menu-anchor.default\">\n\t\t\t\t<div class=\"elementor-widget-container\">\n\t\t\t\t\t\t\t<div class=\"elementor-menu-anchor\" id=\"liste\"><\/div>\n\t\t\t\t\t\t<\/div>\n\t\t\t\t<\/div>\n\t\t\t\t\t<\/div>\n\t\t<\/div>\n\t\t\t\t\t<\/div>\n\t\t<\/section>\n\t\t\t\t<section class=\"elementor-section elementor-top-section elementor-element elementor-element-18551ba elementor-section-boxed elementor-section-height-default elementor-section-height-default qodef-elementor-content-no\" data-id=\"18551ba\" data-element_type=\"section\" data-e-type=\"section\">\n\t\t\t\t\t\t<div class=\"elementor-container elementor-column-gap-default\">\n\t\t\t\t\t<div class=\"elementor-column elementor-col-50 elementor-top-column elementor-element elementor-element-6a613ea\" data-id=\"6a613ea\" data-element_type=\"column\" data-e-type=\"column\">\n\t\t\t<div class=\"elementor-widget-wrap elementor-element-populated\">\n\t\t\t\t\t\t<div class=\"elementor-element elementor-element-8ec1d1b elementor-invisible elementor-widget elementor-widget-qi_addons_for_elementor_faq\" data-id=\"8ec1d1b\" data-element_type=\"widget\" data-e-type=\"widget\" data-settings=\"{&quot;_animation&quot;:&quot;fadeIn&quot;}\" data-widget_type=\"qi_addons_for_elementor_faq.default\">\n\t\t\t\t<div class=\"elementor-widget-container\">\n\t\t\t\t\t<div class=\"qodef-shortcode qodef-m qodef-qi-faq qodef-qi-clear qodef-closed qodef-behavior--accordion qodef-layout--simple qodef-style--boxed\">\n\t<h3 class=\"qodef-e-title-holder\">\n\t<span class=\"qodef-e-title\">\n\t\t\t\tB\u00f4le\t<\/span>\n\t\t<span class=\"qodef-e-mark\">\n\t\t<span class=\"qodef-icon--plus\">\n\t\t\t\t<span class=\"qodef-e-icon\">\n\t\t<i aria-hidden=\"true\" class=\"fas fa-plus\"><\/i>\t<\/span>\n\t\t\t<\/span>\n\t\t<span class=\"qodef-icon--minus\">\n\t\t\t\t<span class=\"qodef-e-icon\">\n\t\t<i aria-hidden=\"true\" class=\"fas fa-minus\"><\/i>\t<\/span>\n\t\t\t<\/span>\n\t<\/span>\n\t<\/h3>\n<div class=\"qodef-e-content\">\n\t<div class=\"qodef-e-content-inner\">\n\t\t<ul><li>Rue du Verger - Coll\u00e8ges des Oisillons<\/li><\/ul>\t<\/div>\n<\/div>\n<h3 class=\"qodef-e-title-holder\">\n\t<span class=\"qodef-e-title\">\n\t\t\t\tCh\u00e9zard-Saint-Martin\t<\/span>\n\t\t<span class=\"qodef-e-mark\">\n\t\t<span class=\"qodef-icon--plus\">\n\t\t\t\t<span class=\"qodef-e-icon\">\n\t\t<i aria-hidden=\"true\" class=\"fas fa-plus\"><\/i>\t<\/span>\n\t\t\t<\/span>\n\t\t<span class=\"qodef-icon--minus\">\n\t\t\t\t<span class=\"qodef-e-icon\">\n\t\t<i aria-hidden=\"true\" class=\"fas fa-minus\"><\/i>\t<\/span>\n\t\t\t<\/span>\n\t<\/span>\n\t<\/h3>\n<div class=\"qodef-e-content\">\n\t<div class=\"qodef-e-content-inner\">\n\t\t<ul><li>Esserts - Coll\u00e8ge primaire<\/li><li>Bloc Chocolat (Grand-Ch\u00e9zard) - coll\u00e8ge primaire<\/li><li>Eglise, Grand\u2019Rue - coll\u00e8ge primaire<\/li><li>Structure d\u2019accueil parascolaire Rebatte - coll\u00e8ge primaire<\/li><\/ul>\t<\/div>\n<\/div>\n<h3 class=\"qodef-e-title-holder\">\n\t<span class=\"qodef-e-title\">\n\t\t\t\tColombier\t<\/span>\n\t\t<span class=\"qodef-e-mark\">\n\t\t<span class=\"qodef-icon--plus\">\n\t\t\t\t<span class=\"qodef-e-icon\">\n\t\t<i aria-hidden=\"true\" class=\"fas fa-plus\"><\/i>\t<\/span>\n\t\t\t<\/span>\n\t\t<span class=\"qodef-icon--minus\">\n\t\t\t\t<span class=\"qodef-e-icon\">\n\t\t<i aria-hidden=\"true\" class=\"fas fa-minus\"><\/i>\t<\/span>\n\t\t\t<\/span>\n\t<\/span>\n\t<\/h3>\n<div class=\"qodef-e-content\">\n\t<div class=\"qodef-e-content-inner\">\n\t\t<ul><li>Scierie - coll\u00e8ge des Vernes<\/li><\/ul>\t<\/div>\n<\/div>\n<h3 class=\"qodef-e-title-holder\">\n\t<span class=\"qodef-e-title\">\n\t\t\t\tEnges\t<\/span>\n\t\t<span class=\"qodef-e-mark\">\n\t\t<span class=\"qodef-icon--plus\">\n\t\t\t\t<span class=\"qodef-e-icon\">\n\t\t<i aria-hidden=\"true\" class=\"fas fa-plus\"><\/i>\t<\/span>\n\t\t\t<\/span>\n\t\t<span class=\"qodef-icon--minus\">\n\t\t\t\t<span class=\"qodef-e-icon\">\n\t\t<i aria-hidden=\"true\" class=\"fas fa-minus\"><\/i>\t<\/span>\n\t\t\t<\/span>\n\t<\/span>\n\t<\/h3>\n<div class=\"qodef-e-content\">\n\t<div class=\"qodef-e-content-inner\">\n\t\t<ul><li>Fontaine du village - coll\u00e8ge d\u2019Enges<\/li><\/ul>\t<\/div>\n<\/div>\n<h3 class=\"qodef-e-title-holder\">\n\t<span class=\"qodef-e-title\">\n\t\t\t\tFenin\t<\/span>\n\t\t<span class=\"qodef-e-mark\">\n\t\t<span class=\"qodef-icon--plus\">\n\t\t\t\t<span class=\"qodef-e-icon\">\n\t\t<i aria-hidden=\"true\" class=\"fas fa-plus\"><\/i>\t<\/span>\n\t\t\t<\/span>\n\t\t<span class=\"qodef-icon--minus\">\n\t\t\t\t<span class=\"qodef-e-icon\">\n\t\t<i aria-hidden=\"true\" class=\"fas fa-minus\"><\/i>\t<\/span>\n\t\t\t<\/span>\n\t<\/span>\n\t<\/h3>\n<div class=\"qodef-e-content\">\n\t<div class=\"qodef-e-content-inner\">\n\t\t<ul><li>Village - coll\u00e8ge de La C\u00f4ti\u00e8re \u00e0 Vilars<\/li><\/ul>\t<\/div>\n<\/div>\n<h3 class=\"qodef-e-title-holder\">\n\t<span class=\"qodef-e-title\">\n\t\t\t\tLes Geneveys-sur-Coffrane\t<\/span>\n\t\t<span class=\"qodef-e-mark\">\n\t\t<span class=\"qodef-icon--plus\">\n\t\t\t\t<span class=\"qodef-e-icon\">\n\t\t<i aria-hidden=\"true\" class=\"fas fa-plus\"><\/i>\t<\/span>\n\t\t\t<\/span>\n\t\t<span class=\"qodef-icon--minus\">\n\t\t\t\t<span class=\"qodef-e-icon\">\n\t\t<i aria-hidden=\"true\" class=\"fas fa-minus\"><\/i>\t<\/span>\n\t\t\t<\/span>\n\t<\/span>\n\t<\/h3>\n<div class=\"qodef-e-content\">\n\t<div class=\"qodef-e-content-inner\">\n\t\t<ul><li>Rue des P\u00e2ques - chemin des Vergers -coll\u00e8ge du Lynx<\/li><\/ul>\t<\/div>\n<\/div>\n<h3 class=\"qodef-e-title-holder\">\n\t<span class=\"qodef-e-title\">\n\t\t\t\tLa Chaux-de-Fonds\t<\/span>\n\t\t<span class=\"qodef-e-mark\">\n\t\t<span class=\"qodef-icon--plus\">\n\t\t\t\t<span class=\"qodef-e-icon\">\n\t\t<i aria-hidden=\"true\" class=\"fas fa-plus\"><\/i>\t<\/span>\n\t\t\t<\/span>\n\t\t<span class=\"qodef-icon--minus\">\n\t\t\t\t<span class=\"qodef-e-icon\">\n\t\t<i aria-hidden=\"true\" class=\"fas fa-minus\"><\/i>\t<\/span>\n\t\t\t<\/span>\n\t<\/span>\n\t<\/h3>\n<div class=\"qodef-e-content\">\n\t<div class=\"qodef-e-content-inner\">\n\t\t<ul><li>Rue de la Recorne - Postiers - coll\u00e8ge de l'Ouest<\/li><\/ul>\t<\/div>\n<\/div>\n<h3 class=\"qodef-e-title-holder\">\n\t<span class=\"qodef-e-title\">\n\t\t\t\tLe Landeron\t<\/span>\n\t\t<span class=\"qodef-e-mark\">\n\t\t<span class=\"qodef-icon--plus\">\n\t\t\t\t<span class=\"qodef-e-icon\">\n\t\t<i aria-hidden=\"true\" class=\"fas fa-plus\"><\/i>\t<\/span>\n\t\t\t<\/span>\n\t\t<span class=\"qodef-icon--minus\">\n\t\t\t\t<span class=\"qodef-e-icon\">\n\t\t<i aria-hidden=\"true\" class=\"fas fa-minus\"><\/i>\t<\/span>\n\t\t\t<\/span>\n\t<\/span>\n\t<\/h3>\n<div class=\"qodef-e-content\">\n\t<div class=\"qodef-e-content-inner\">\n\t\t<p>Structure d'accueil parascolaire Part\u00e2ge - coll\u00e8ge du Landeron - La Garenne<\/p>\t<\/div>\n<\/div>\n<h3 class=\"qodef-e-title-holder\">\n\t<span class=\"qodef-e-title\">\n\t\t\t\tLe Locle\t<\/span>\n\t\t<span class=\"qodef-e-mark\">\n\t\t<span class=\"qodef-icon--plus\">\n\t\t\t\t<span class=\"qodef-e-icon\">\n\t\t<i aria-hidden=\"true\" class=\"fas fa-plus\"><\/i>\t<\/span>\n\t\t\t<\/span>\n\t\t<span class=\"qodef-icon--minus\">\n\t\t\t\t<span class=\"qodef-e-icon\">\n\t\t<i aria-hidden=\"true\" class=\"fas fa-minus\"><\/i>\t<\/span>\n\t\t\t<\/span>\n\t<\/span>\n\t<\/h3>\n<div class=\"qodef-e-content\">\n\t<div class=\"qodef-e-content-inner\">\n\t\t<ul><li><span style=\"color: #000000\">Structure d\u2019accueil parascolaire Le Tourbillon - coll\u00e8ge des Jeannerets et coll\u00e8ge D.-Jeanrichard<\/span><\/li><li><span style=\"color: #000000\">Structure d\u2019accueil parascolaire Le Spiral - coll\u00e8ge de la Jaluse<\/span><\/li><\/ul>\t<\/div>\n<\/div>\n<h3 class=\"qodef-e-title-holder\">\n\t<span class=\"qodef-e-title\">\n\t\t\t\tMarin\t<\/span>\n\t\t<span class=\"qodef-e-mark\">\n\t\t<span class=\"qodef-icon--plus\">\n\t\t\t\t<span class=\"qodef-e-icon\">\n\t\t<i aria-hidden=\"true\" class=\"fas fa-plus\"><\/i>\t<\/span>\n\t\t\t<\/span>\n\t\t<span class=\"qodef-icon--minus\">\n\t\t\t\t<span class=\"qodef-e-icon\">\n\t\t<i aria-hidden=\"true\" class=\"fas fa-minus\"><\/i>\t<\/span>\n\t\t\t<\/span>\n\t<\/span>\n\t<\/h3>\n<div class=\"qodef-e-content\">\n\t<div class=\"qodef-e-content-inner\">\n\t\t<ul><li>Rue Paul-Vouga - coll\u00e8ge de La T\u00e8ne<\/li><\/ul>\t<\/div>\n<\/div>\n<h3 class=\"qodef-e-title-holder\">\n\t<span class=\"qodef-e-title\">\n\t\t\t\tNeuch\u00e2tel\t<\/span>\n\t\t<span class=\"qodef-e-mark\">\n\t\t<span class=\"qodef-icon--plus\">\n\t\t\t\t<span class=\"qodef-e-icon\">\n\t\t<i aria-hidden=\"true\" class=\"fas fa-plus\"><\/i>\t<\/span>\n\t\t\t<\/span>\n\t\t<span class=\"qodef-icon--minus\">\n\t\t\t\t<span class=\"qodef-e-icon\">\n\t\t<i aria-hidden=\"true\" class=\"fas fa-minus\"><\/i>\t<\/span>\n\t\t\t<\/span>\n\t<\/span>\n\t<\/h3>\n<div class=\"qodef-e-content\">\n\t<div class=\"qodef-e-content-inner\">\n\t\t<ul><li>Rue Louis-Favre\/Tertre - coll\u00e8ge de La Promenade<\/li><li>Edmond-de-Reynier - coll\u00e8ge de La Promenade<\/li><li>Route des Gouttes d'Or - coll\u00e8ge du Cr\u00eat-du-Ch\u00eane<\/li><li>rue des Fahys 163 - coll\u00e8ge de La Maladi\u00e8re<\/li><\/ul>\t<\/div>\n<\/div>\n<h3 class=\"qodef-e-title-holder\">\n\t<span class=\"qodef-e-title\">\n\t\t\t\tSaint-Aubin\t<\/span>\n\t\t<span class=\"qodef-e-mark\">\n\t\t<span class=\"qodef-icon--plus\">\n\t\t\t\t<span class=\"qodef-e-icon\">\n\t\t<i aria-hidden=\"true\" class=\"fas fa-plus\"><\/i>\t<\/span>\n\t\t\t<\/span>\n\t\t<span class=\"qodef-icon--minus\">\n\t\t\t\t<span class=\"qodef-e-icon\">\n\t\t<i aria-hidden=\"true\" class=\"fas fa-minus\"><\/i>\t<\/span>\n\t\t\t<\/span>\n\t<\/span>\n\t<\/h3>\n<div class=\"qodef-e-content\">\n\t<div class=\"qodef-e-content-inner\">\n\t\t<ul><li>Port - chemin des \u00e9coliers - coll\u00e8ge de Saint-Aubin<\/li><li>Castel - Coop - Cr\u00e8che Bergerie - Parking du Temple - coll\u00e8ge de Saint-Aubin<\/li><\/ul>\t<\/div>\n<\/div>\n<h3 class=\"qodef-e-title-holder\">\n\t<span class=\"qodef-e-title\">\n\t\t\t\tSavagnier\t<\/span>\n\t\t<span class=\"qodef-e-mark\">\n\t\t<span class=\"qodef-icon--plus\">\n\t\t\t\t<span class=\"qodef-e-icon\">\n\t\t<i aria-hidden=\"true\" class=\"fas fa-plus\"><\/i>\t<\/span>\n\t\t\t<\/span>\n\t\t<span class=\"qodef-icon--minus\">\n\t\t\t\t<span class=\"qodef-e-icon\">\n\t\t<i aria-hidden=\"true\" class=\"fas fa-minus\"><\/i>\t<\/span>\n\t\t\t<\/span>\n\t<\/span>\n\t<\/h3>\n<div class=\"qodef-e-content\">\n\t<div class=\"qodef-e-content-inner\">\n\t\t<p>Rue des Corbes - coll\u00e8ge de Savagnier<\/p>\t<\/div>\n<\/div>\n<\/div>\n\t<script type=\"application\/ld+json\">{\"@context\":\"https:\\\/\\\/schema.org\",\"@type\":\"FAQPage\",\"mainEntity\":[{\"@type\":\"Question\",\"name\":\"B\\u00f4le\",\"acceptedAnswer\":{\"@type\":\"Answer\",\"text\":\"<ul><li>Rue du Verger - Coll\\u00e8ges des Oisillons<\\\/li><\\\/ul>\"}},{\"@type\":\"Question\",\"name\":\"Ch\\u00e9zard-Saint-Martin\",\"acceptedAnswer\":{\"@type\":\"Answer\",\"text\":\"<ul><li>Esserts - Coll\\u00e8ge primaire<\\\/li><li>Bloc Chocolat (Grand-Ch\\u00e9zard) - coll\\u00e8ge primaire<\\\/li><li>Eglise, Grand\\u2019Rue - coll\\u00e8ge primaire<\\\/li><li>Structure d\\u2019accueil parascolaire Rebatte - coll\\u00e8ge primaire<\\\/li><\\\/ul>\"}},{\"@type\":\"Question\",\"name\":\"Colombier\",\"acceptedAnswer\":{\"@type\":\"Answer\",\"text\":\"<ul><li>Scierie - coll\\u00e8ge des Vernes<\\\/li><\\\/ul>\"}},{\"@type\":\"Question\",\"name\":\"Enges\",\"acceptedAnswer\":{\"@type\":\"Answer\",\"text\":\"<ul><li>Fontaine du village - coll\\u00e8ge d\\u2019Enges<\\\/li><\\\/ul>\"}},{\"@type\":\"Question\",\"name\":\"Fenin\",\"acceptedAnswer\":{\"@type\":\"Answer\",\"text\":\"<ul><li>Village - coll\\u00e8ge de La C\\u00f4ti\\u00e8re \\u00e0 Vilars<\\\/li><\\\/ul>\"}},{\"@type\":\"Question\",\"name\":\"Les Geneveys-sur-Coffrane\",\"acceptedAnswer\":{\"@type\":\"Answer\",\"text\":\"<ul><li>Rue des P\\u00e2ques - chemin des Vergers -coll\\u00e8ge du Lynx<\\\/li><\\\/ul>\"}},{\"@type\":\"Question\",\"name\":\"La Chaux-de-Fonds\",\"acceptedAnswer\":{\"@type\":\"Answer\",\"text\":\"<ul><li>Rue de la Recorne - Postiers - coll\\u00e8ge de l'Ouest<\\\/li><\\\/ul>\"}},{\"@type\":\"Question\",\"name\":\"Le Landeron\",\"acceptedAnswer\":{\"@type\":\"Answer\",\"text\":\"<p>Structure d'accueil parascolaire Part\\u00e2ge - coll\\u00e8ge du Landeron - La Garenne<\\\/p>\"}},{\"@type\":\"Question\",\"name\":\"Le Locle\",\"acceptedAnswer\":{\"@type\":\"Answer\",\"text\":\"<ul><li><span style=\\\"color: #000000\\\">Structure d\\u2019accueil parascolaire Le Tourbillon - coll\\u00e8ge des Jeannerets et coll\\u00e8ge D.-Jeanrichard<\\\/span><\\\/li><li><span style=\\\"color: #000000\\\">Structure d\\u2019accueil parascolaire Le Spiral - coll\\u00e8ge de la Jaluse<\\\/span><\\\/li><\\\/ul>\"}},{\"@type\":\"Question\",\"name\":\"Marin\",\"acceptedAnswer\":{\"@type\":\"Answer\",\"text\":\"<ul><li>Rue Paul-Vouga - coll\\u00e8ge de La T\\u00e8ne<\\\/li><\\\/ul>\"}},{\"@type\":\"Question\",\"name\":\"Neuch\\u00e2tel\",\"acceptedAnswer\":{\"@type\":\"Answer\",\"text\":\"<ul><li>Rue Louis-Favre\\\/Tertre - coll\\u00e8ge de La Promenade<\\\/li><li>Edmond-de-Reynier - coll\\u00e8ge de La Promenade<\\\/li><li>Route des Gouttes d'Or - coll\\u00e8ge du Cr\\u00eat-du-Ch\\u00eane<\\\/li><li>rue des Fahys 163 - coll\\u00e8ge de La Maladi\\u00e8re<\\\/li><\\\/ul>\"}},{\"@type\":\"Question\",\"name\":\"Saint-Aubin\",\"acceptedAnswer\":{\"@type\":\"Answer\",\"text\":\"<ul><li>Port - chemin des \\u00e9coliers - coll\\u00e8ge de Saint-Aubin<\\\/li><li>Castel - Coop - Cr\\u00e8che Bergerie - Parking du Temple - coll\\u00e8ge de Saint-Aubin<\\\/li><\\\/ul>\"}},{\"@type\":\"Question\",\"name\":\"Savagnier\",\"acceptedAnswer\":{\"@type\":\"Answer\",\"text\":\"<p>Rue des Corbes - coll\\u00e8ge de Savagnier<\\\/p>\"}}]}<\/script>\n\t\t\t\t<\/div>\n\t\t\t\t<\/div>\n\t\t\t\t<div class=\"elementor-element elementor-element-08d2a48 elementor-widget elementor-widget-qi_addons_for_elementor_section_title\" data-id=\"08d2a48\" data-element_type=\"widget\" data-e-type=\"widget\" data-widget_type=\"qi_addons_for_elementor_section_title.default\">\n\t\t\t\t<div class=\"elementor-widget-container\">\n\t\t\t\t\t<div class=\"qodef-shortcode qodef-m qodef-qi-section-title qodef-decoration--italic qodef-link--underline-draw qodef-subtitle-icon--left\">\n\t\t\t\t\t\t<h3 class=\"qodef-m-title\">\n\t\tC\u2019est d\u00e9cid\u00e9, nous rejoignons un p\u00e9dibus !\t<\/h3>\n\t\t\t<\/div>\n\t\t\t\t<\/div>\n\t\t\t\t<\/div>\n\t\t\t\t\t<\/div>\n\t\t<\/div>\n\t\t\t\t<div class=\"elementor-column elementor-col-50 elementor-top-column elementor-element elementor-element-1184ca1\" data-id=\"1184ca1\" data-element_type=\"column\" data-e-type=\"column\">\n\t\t\t<div class=\"elementor-widget-wrap elementor-element-populated\">\n\t\t\t\t\t\t<div class=\"elementor-element elementor-element-e75466a elementor-widget__width-initial elementor-widget elementor-widget-qi_addons_for_elementor_button\" data-id=\"e75466a\" data-element_type=\"widget\" data-e-type=\"widget\" data-widget_type=\"qi_addons_for_elementor_button.default\">\n\t\t\t\t<div class=\"elementor-widget-container\">\n\t\t\t\t\t<a class=\"qodef-shortcode qodef-m qodef-qi-button qodef-html--link qodef-layout--filled qodef-type--standard qodef-icon--right qodef-hover--icon-move-horizontal-short\" href=\"https:\/\/pedibus-ne.ch\/?page_id=11\" target=\"_self\">\n\t<span class=\"qodef-m-text\">Obtenir les coordonn\u00e9s<\/span>\n\t<\/a>\n\t\t\t\t<\/div>\n\t\t\t\t<\/div>\n\t\t\t\t\t<\/div>\n\t\t<\/div>\n\t\t\t\t\t<\/div>\n\t\t<\/section>\n\t\t\t\t<section class=\"elementor-section elementor-top-section elementor-element elementor-element-e02fe58 elementor-section-boxed elementor-section-height-default elementor-section-height-default qodef-elementor-content-no\" data-id=\"e02fe58\" data-element_type=\"section\" data-e-type=\"section\">\n\t\t\t\t\t\t<div class=\"elementor-container elementor-column-gap-default\">\n\t\t\t\t\t<div class=\"elementor-column elementor-col-100 elementor-top-column elementor-element elementor-element-bebcc21\" data-id=\"bebcc21\" data-element_type=\"column\" data-e-type=\"column\">\n\t\t\t<div class=\"elementor-widget-wrap elementor-element-populated\">\n\t\t\t\t\t\t<div class=\"elementor-element elementor-element-9604987 elementor-widget elementor-widget-text-editor\" data-id=\"9604987\" data-element_type=\"widget\" data-e-type=\"widget\" data-widget_type=\"text-editor.default\">\n\t\t\t\t<div class=\"elementor-widget-container\">\n\t\t\t\t\t\t\t\t\t<p>Lorem ipsum dolor sit amet, consectetur adipiscing elit. Ut elit tellus, luctus nec ullamcorper mattis, pulvinar dapibus leo.<\/p>\t\t\t\t\t\t\t\t<\/div>\n\t\t\t\t<\/div>\n\t\t\t\t\t<\/div>\n\t\t<\/div>\n\t\t\t\t\t<\/div>\n\t\t<\/section>\n\t\t\t\t<\/div>\n\t\t","protected":false},"excerpt":{"rendered":"<p>Liste des p\u00e9dibus du canton de Neuch\u00e2tel Les coordonn\u00e9es des responsables des p\u00e9dibus ne sont pas publi\u00e9es, pour des raisons de respect de la sph\u00e8re priv\u00e9e. Vous pouvez les obtenir en adressant un mot \u00e0 apied-ne@bluewin.ch Pr\u00e9cisez quel p\u00e9dibus vous souhaitez contacter. B\u00f4le Rue du Verger &#8211; Coll\u00e8ges des Oisillons Ch\u00e9zard-Saint-Martin Esserts &#8211; Coll\u00e8ge primaire [&hellip;]<\/p>\n","protected":false},"author":1,"featured_media":0,"parent":0,"menu_order":0,"comment_status":"closed","ping_status":"closed","template":"qi-full-width.php","meta":{"footnotes":""},"class_list":["post-1661","page","type-page","status-publish","hentry"],"_links":{"self":[{"href":"https:\/\/pedibus-ne.ch\/index.php?rest_route=\/wp\/v2\/pages\/1661","targetHints":{"allow":["GET"]}}],"collection":[{"href":"https:\/\/pedibus-ne.ch\/index.php?rest_route=\/wp\/v2\/pages"}],"about":[{"href":"https:\/\/pedibus-ne.ch\/index.php?rest_route=\/wp\/v2\/types\/page"}],"author":[{"embeddable":true,"href":"https:\/\/pedibus-ne.ch\/index.php?rest_route=\/wp\/v2\/users\/1"}],"replies":[{"embeddable":true,"href":"https:\/\/pedibus-ne.ch\/index.php?rest_route=%2Fwp%2Fv2%2Fcomments&post=1661"}],"version-history":[{"count":83,"href":"https:\/\/pedibus-ne.ch\/index.php?rest_route=\/wp\/v2\/pages\/1661\/revisions"}],"predecessor-version":[{"id":2074,"href":"https:\/\/pedibus-ne.ch\/index.php?rest_route=\/wp\/v2\/pages\/1661\/revisions\/2074"}],"wp:attachment":[{"href":"https:\/\/pedibus-ne.ch\/index.php?rest_route=%2Fwp%2Fv2%2Fmedia&parent=1661"}],"curies":[{"name":"wp","href":"https:\/\/api.w.org\/{rel}","templated":true}]}}